{"id":792,"date":"2021-06-18T09:08:42","date_gmt":"2021-06-18T09:08:42","guid":{"rendered":"https:\/\/creyman.com\/blog\/?page_id=792"},"modified":"2021-08-19T14:32:43","modified_gmt":"2021-08-19T14:32:43","slug":"home","status":"publish","type":"page","link":"https:\/\/creyman.com\/blog\/","title":{"rendered":"Home"},"content":{"rendered":"\t\t<div data-elementor-type=\"wp-page\" data-elementor-id=\"792\" class=\"elementor elementor-792\" data-elementor-settings=\"[]\">\n\t\t\t\t\t\t<div class=\"elementor-inner\">\n\t\t\t\t\t\t\t<div class=\"elementor-section-wrap\">\n\t\t\t\t\t\t\t<section class=\"elementor-section elementor-top-section elementor-element elementor-element-621cfb6 elementor-section-boxed elementor-section-height-default elementor-section-height-default\" data-id=\"621cfb6\" data-element_type=\"section\">\n\t\t\t\t\t\t<div class=\"elementor-container elementor-column-gap-default\">\n\t\t\t\t\t\t\t<div class=\"elementor-row\">\n\t\t\t\t\t<div class=\"elementor-column elementor-col-100 elementor-top-column elementor-element elementor-element-b60f83c\" data-id=\"b60f83c\" data-element_type=\"column\">\n\t\t\t<div class=\"elementor-column-wrap elementor-element-populated\">\n\t\t\t\t\t\t\t<div class=\"elementor-widget-wrap\">\n\t\t\t\t\t\t<div class=\"elementor-element elementor-element-1c6102f elementor-widget elementor-widget-heading\" data-id=\"1c6102f\" data-element_type=\"widget\" data-widget_type=\"heading.default\">\n\t\t\t\t<div class=\"elementor-widget-container\">\n\t\t\t<h2 class=\"elementor-heading-title elementor-size-default\">Creyman, creaciones y manualidades<\/h2>\t\t<\/div>\n\t\t\t\t<\/div>\n\t\t\t\t<div class=\"elementor-element elementor-element-23d6b59 elementor-widget-divider--view-line elementor-widget elementor-widget-divider\" data-id=\"23d6b59\" data-element_type=\"widget\" data-widget_type=\"divider.default\">\n\t\t\t\t<div class=\"elementor-widget-container\">\n\t\t\t\t\t<div class=\"elementor-divider\">\n\t\t\t<span class=\"elementor-divider-separator\">\n\t\t\t\t\t\t<\/span>\n\t\t<\/div>\n\t\t\t\t<\/div>\n\t\t\t\t<\/div>\n\t\t\t\t<div class=\"elementor-element elementor-element-835ff54 elementor-widget elementor-widget-text-editor\" data-id=\"835ff54\" data-element_type=\"widget\" data-widget_type=\"text-editor.default\">\n\t\t\t\t<div class=\"elementor-widget-container\">\n\t\t\t\t\t\t\t\t<div class=\"elementor-text-editor elementor-clearfix\">\n\t\t\t\t\t<p>En este espacio encontrar\u00e1s todo tipo de material y manualidades para los m\u00e1s peque\u00f1os.<\/p>\t\t\t\t\t<\/div>\n\t\t\t\t\t\t<\/div>\n\t\t\t\t<\/div>\n\t\t\t\t<div class=\"elementor-element elementor-element-13c0cb8 elementor-grid-2 elementor-grid-tablet-2 elementor-grid-mobile-1 elementor-posts--thumbnail-top elementor-card-shadow-yes elementor-posts__hover-gradient elementor-widget elementor-widget-posts\" data-id=\"13c0cb8\" data-element_type=\"widget\" data-settings=\"{&quot;cards_columns&quot;:&quot;2&quot;,&quot;cards_columns_tablet&quot;:&quot;2&quot;,&quot;cards_columns_mobile&quot;:&quot;1&quot;,&quot;cards_row_gap&quot;:{&quot;unit&quot;:&quot;px&quot;,&quot;size&quot;:35,&quot;sizes&quot;:[]}}\" data-widget_type=\"posts.cards\">\n\t\t\t\t<div class=\"elementor-widget-container\">\n\t\t\t\t\t<div class=\"elementor-posts-container elementor-posts elementor-posts--skin-cards elementor-grid\">\n\t\t\t\t<article class=\"elementor-post elementor-grid-item post-1978 post type-post status-publish format-standard has-post-thumbnail hentry category-blog category-ideas-creativas category-manualidades-infantiles category-navidad generate-columns tablet-grid-50 mobile-grid-100 grid-parent grid-50\">\n\t\t\t<div class=\"elementor-post__card\">\n\t\t\t\t<a class=\"elementor-post__thumbnail__link\" href=\"https:\/\/creyman.com\/blog\/elfos-hechos-de-discos-de-madera-con-un-gorro-de-elfo-de-silk-clay\/\" >\n\t\t\t<div class=\"elementor-post__thumbnail\"><img width=\"670\" height=\"670\" src=\"https:\/\/creyman.com\/blog\/wp-content\/uploads\/2021\/10\/v15712.jpg\" class=\"attachment-full size-full\" alt=\"\" loading=\"lazy\" srcset=\"https:\/\/creyman.com\/blog\/wp-content\/uploads\/2021\/10\/v15712.jpg 670w, https:\/\/creyman.com\/blog\/wp-content\/uploads\/2021\/10\/v15712-300x300.jpg 300w, https:\/\/creyman.com\/blog\/wp-content\/uploads\/2021\/10\/v15712-150x150.jpg 150w\" sizes=\"(max-width: 670px) 100vw, 670px\" \/><\/div>\n\t\t<\/a>\n\t\t\t\t<div class=\"elementor-post__badge\">Blog<\/div>\n\t\t\t\t<div class=\"elementor-post__text\">\n\t\t\t\t<h3 class=\"elementor-post__title\">\n\t\t\t<a href=\"https:\/\/creyman.com\/blog\/elfos-hechos-de-discos-de-madera-con-un-gorro-de-elfo-de-silk-clay\/\" >\n\t\t\t\t<strong>Elfos hechos de discos de madera con un gorro de elfo de Silk Clay<\/strong>\t\t\t<\/a>\n\t\t<\/h3>\n\t\t\t\t<div class=\"elementor-post__excerpt\">\n\t\t\t<p>SKU#:&nbsp;v15712 Como hacerlo: 1. Modela una mancha de Silk Clay alrededor de una parte del disco de madera destinada a la cabeza del elfo. Modela el gorro de un elfo.<\/p>\n\t\t<\/div>\n\t\t\t\t\t<a class=\"elementor-post__read-more\" href=\"https:\/\/creyman.com\/blog\/elfos-hechos-de-discos-de-madera-con-un-gorro-de-elfo-de-silk-clay\/\" >\n\t\t\t\tLeer M\u00e1s \u00bb\t\t\t<\/a>\n\t\t\t\t<\/div>\n\t\t\t\t<div class=\"elementor-post__meta-data\">\n\t\t\t\t\t<span class=\"elementor-post-date\">\n\t\t\t21 octubre, 2021\t\t<\/span>\n\t\t\t\t<span class=\"elementor-post-avatar\">\n\t\t\tNo hay comentarios\t\t<\/span>\n\t\t\t\t<\/div>\n\t\t\t\t\t<\/div>\n\t\t<\/article>\n\t\t\t\t<article class=\"elementor-post elementor-grid-item post-1913 post type-post status-publish format-standard has-post-thumbnail hentry category-blog category-ideas-creativas category-manualidades-infantiles category-navidad generate-columns tablet-grid-50 mobile-grid-100 grid-parent grid-50\">\n\t\t\t<div class=\"elementor-post__card\">\n\t\t\t\t<a class=\"elementor-post__thumbnail__link\" href=\"https:\/\/creyman.com\/blog\/un-adorno-de-navidad-decorado-como-un-muneco-de-nieve\/\" >\n\t\t\t<div class=\"elementor-post__thumbnail\"><img width=\"670\" height=\"670\" src=\"https:\/\/creyman.com\/blog\/wp-content\/uploads\/2021\/10\/v15436.jpg\" class=\"attachment-full size-full\" alt=\"\" loading=\"lazy\" srcset=\"https:\/\/creyman.com\/blog\/wp-content\/uploads\/2021\/10\/v15436.jpg 670w, https:\/\/creyman.com\/blog\/wp-content\/uploads\/2021\/10\/v15436-300x300.jpg 300w, https:\/\/creyman.com\/blog\/wp-content\/uploads\/2021\/10\/v15436-150x150.jpg 150w\" sizes=\"(max-width: 670px) 100vw, 670px\" \/><\/div>\n\t\t<\/a>\n\t\t\t\t<div class=\"elementor-post__badge\">Blog<\/div>\n\t\t\t\t<div class=\"elementor-post__text\">\n\t\t\t\t<h3 class=\"elementor-post__title\">\n\t\t\t<a href=\"https:\/\/creyman.com\/blog\/un-adorno-de-navidad-decorado-como-un-muneco-de-nieve\/\" >\n\t\t\t\t<strong>Un adorno de Navidad decorado como un mu\u00f1eco de nieve<\/strong>\t\t\t<\/a>\n\t\t<\/h3>\n\t\t\t\t<div class=\"elementor-post__excerpt\">\n\t\t\t<p>SKU#:&nbsp;v15436 Como hacerlo: 1. Presiona o rueda Foam Clay plano y cubre la bola de poliestireno entera. 2. Presiona los ojos y la nariz en la bola mientras el Foam<\/p>\n\t\t<\/div>\n\t\t\t\t\t<a class=\"elementor-post__read-more\" href=\"https:\/\/creyman.com\/blog\/un-adorno-de-navidad-decorado-como-un-muneco-de-nieve\/\" >\n\t\t\t\tLeer M\u00e1s \u00bb\t\t\t<\/a>\n\t\t\t\t<\/div>\n\t\t\t\t<div class=\"elementor-post__meta-data\">\n\t\t\t\t\t<span class=\"elementor-post-date\">\n\t\t\t18 octubre, 2021\t\t<\/span>\n\t\t\t\t<span class=\"elementor-post-avatar\">\n\t\t\tNo hay comentarios\t\t<\/span>\n\t\t\t\t<\/div>\n\t\t\t\t\t<\/div>\n\t\t<\/article>\n\t\t\t\t<article class=\"elementor-post elementor-grid-item post-1893 post type-post status-publish format-standard has-post-thumbnail hentry category-blog category-ideas-creativas category-manualidades-infantiles category-navidad generate-columns tablet-grid-50 mobile-grid-100 grid-parent grid-50\">\n\t\t\t<div class=\"elementor-post__card\">\n\t\t\t\t<a class=\"elementor-post__thumbnail__link\" href=\"https:\/\/creyman.com\/blog\/munecos-de-nieve-de-madera-y-un-arbol-de-navidad-llenos-de-foam-clay\/\" >\n\t\t\t<div class=\"elementor-post__thumbnail\"><img width=\"670\" height=\"670\" src=\"https:\/\/creyman.com\/blog\/wp-content\/uploads\/2021\/10\/v15431.jpg\" class=\"attachment-full size-full\" alt=\"\" loading=\"lazy\" srcset=\"https:\/\/creyman.com\/blog\/wp-content\/uploads\/2021\/10\/v15431.jpg 670w, https:\/\/creyman.com\/blog\/wp-content\/uploads\/2021\/10\/v15431-300x300.jpg 300w, https:\/\/creyman.com\/blog\/wp-content\/uploads\/2021\/10\/v15431-150x150.jpg 150w\" sizes=\"(max-width: 670px) 100vw, 670px\" \/><\/div>\n\t\t<\/a>\n\t\t\t\t<div class=\"elementor-post__badge\">Blog<\/div>\n\t\t\t\t<div class=\"elementor-post__text\">\n\t\t\t\t<h3 class=\"elementor-post__title\">\n\t\t\t<a href=\"https:\/\/creyman.com\/blog\/munecos-de-nieve-de-madera-y-un-arbol-de-navidad-llenos-de-foam-clay\/\" >\n\t\t\t\t<strong>Mu\u00f1ecos de nieve de madera y un \u00e1rbol de Navidad llenos de Foam Clay<\/strong>\t\t\t<\/a>\n\t\t<\/h3>\n\t\t\t\t<div class=\"elementor-post__excerpt\">\n\t\t\t<p>SKU#:&nbsp;v15431 Como hacerlo: 1. Aplica Foam Clay en los huecos que dej\u00f3 la incrustaci\u00f3n de goma eva negra. Foam Clay se adhiere bien a la madera. 2. Cubre el disco<\/p>\n\t\t<\/div>\n\t\t\t\t\t<a class=\"elementor-post__read-more\" href=\"https:\/\/creyman.com\/blog\/munecos-de-nieve-de-madera-y-un-arbol-de-navidad-llenos-de-foam-clay\/\" >\n\t\t\t\tLeer M\u00e1s \u00bb\t\t\t<\/a>\n\t\t\t\t<\/div>\n\t\t\t\t<div class=\"elementor-post__meta-data\">\n\t\t\t\t\t<span class=\"elementor-post-date\">\n\t\t\t18 octubre, 2021\t\t<\/span>\n\t\t\t\t<span class=\"elementor-post-avatar\">\n\t\t\tNo hay comentarios\t\t<\/span>\n\t\t\t\t<\/div>\n\t\t\t\t\t<\/div>\n\t\t<\/article>\n\t\t\t\t<article class=\"elementor-post elementor-grid-item post-1811 post type-post status-publish format-standard has-post-thumbnail hentry category-blog category-ideas-creativas category-manualidades-infantiles category-navidad generate-columns tablet-grid-50 mobile-grid-100 grid-parent grid-50\">\n\t\t\t<div class=\"elementor-post__card\">\n\t\t\t\t<a class=\"elementor-post__thumbnail__link\" href=\"https:\/\/creyman.com\/blog\/un-papa-noel-de-madera-cubierto-de-vendaje-de-gasa\/\" >\n\t\t\t<div class=\"elementor-post__thumbnail\"><img width=\"670\" height=\"670\" src=\"https:\/\/creyman.com\/blog\/wp-content\/uploads\/2021\/10\/v15993.jpg\" class=\"attachment-full size-full\" alt=\"\" loading=\"lazy\" srcset=\"https:\/\/creyman.com\/blog\/wp-content\/uploads\/2021\/10\/v15993.jpg 670w, https:\/\/creyman.com\/blog\/wp-content\/uploads\/2021\/10\/v15993-300x300.jpg 300w, https:\/\/creyman.com\/blog\/wp-content\/uploads\/2021\/10\/v15993-150x150.jpg 150w\" sizes=\"(max-width: 670px) 100vw, 670px\" \/><\/div>\n\t\t<\/a>\n\t\t\t\t<div class=\"elementor-post__badge\">Blog<\/div>\n\t\t\t\t<div class=\"elementor-post__text\">\n\t\t\t\t<h3 class=\"elementor-post__title\">\n\t\t\t<a href=\"https:\/\/creyman.com\/blog\/un-papa-noel-de-madera-cubierto-de-vendaje-de-gasa\/\" >\n\t\t\t\t<strong>Un Pap\u00e1 Noel de madera cubierto de vendaje de gasa<\/strong>\t\t\t<\/a>\n\t\t<\/h3>\n\t\t\t\t<div class=\"elementor-post__excerpt\">\n\t\t\t<p>SKU#:&nbsp;v15993 Como hacerlo: 1. Corte el vendaje de gasa en trozos de 1-3 cm. Tambi\u00e9n necesitar\u00e1 un taz\u00f3n de agua. 2. Remoje un pedazo de vendaje de gasa a la<\/p>\n\t\t<\/div>\n\t\t\t\t\t<a class=\"elementor-post__read-more\" href=\"https:\/\/creyman.com\/blog\/un-papa-noel-de-madera-cubierto-de-vendaje-de-gasa\/\" >\n\t\t\t\tLeer M\u00e1s \u00bb\t\t\t<\/a>\n\t\t\t\t<\/div>\n\t\t\t\t<div class=\"elementor-post__meta-data\">\n\t\t\t\t\t<span class=\"elementor-post-date\">\n\t\t\t13 octubre, 2021\t\t<\/span>\n\t\t\t\t<span class=\"elementor-post-avatar\">\n\t\t\tNo hay comentarios\t\t<\/span>\n\t\t\t\t<\/div>\n\t\t\t\t\t<\/div>\n\t\t<\/article>\n\t\t\t\t<article class=\"elementor-post elementor-grid-item post-1769 post type-post status-publish format-standard has-post-thumbnail hentry category-blog category-ideas-creativas category-manualidades-infantiles category-navidad generate-columns tablet-grid-50 mobile-grid-100 grid-parent grid-50\">\n\t\t\t<div class=\"elementor-post__card\">\n\t\t\t\t<a class=\"elementor-post__thumbnail__link\" href=\"https:\/\/creyman.com\/blog\/un-calendario-de-adviento-de-24-pequenas-casas-y-arboles-de-papel-mache\/\" >\n\t\t\t<div class=\"elementor-post__thumbnail\"><img width=\"670\" height=\"670\" src=\"https:\/\/creyman.com\/blog\/wp-content\/uploads\/2021\/10\/v16071.jpg\" class=\"attachment-full size-full\" alt=\"\" loading=\"lazy\" srcset=\"https:\/\/creyman.com\/blog\/wp-content\/uploads\/2021\/10\/v16071.jpg 670w, https:\/\/creyman.com\/blog\/wp-content\/uploads\/2021\/10\/v16071-300x300.jpg 300w, https:\/\/creyman.com\/blog\/wp-content\/uploads\/2021\/10\/v16071-150x150.jpg 150w\" sizes=\"(max-width: 670px) 100vw, 670px\" \/><\/div>\n\t\t<\/a>\n\t\t\t\t<div class=\"elementor-post__badge\">Blog<\/div>\n\t\t\t\t<div class=\"elementor-post__text\">\n\t\t\t\t<h3 class=\"elementor-post__title\">\n\t\t\t<a href=\"https:\/\/creyman.com\/blog\/un-calendario-de-adviento-de-24-pequenas-casas-y-arboles-de-papel-mache\/\" >\n\t\t\t\t<strong>Un calendario de Adviento de 24 peque\u00f1as casas y \u00e1rboles de papel mach\u00e9<\/strong>\t\t\t<\/a>\n\t\t<\/h3>\n\t\t\t\t<div class=\"elementor-post__excerpt\">\n\t\t\t<p>SKU#:&nbsp;v16071 Como hacerlo: 1. Decora las cajas sin ensamblar con un marcador Plus Color. 2. Escriba los n\u00fameros 1-24 en las etiquetas manilla suministradas. 3. Ensambla las cajas y dec\u00f3ralas<\/p>\n\t\t<\/div>\n\t\t\t\t\t<a class=\"elementor-post__read-more\" href=\"https:\/\/creyman.com\/blog\/un-calendario-de-adviento-de-24-pequenas-casas-y-arboles-de-papel-mache\/\" >\n\t\t\t\tLeer M\u00e1s \u00bb\t\t\t<\/a>\n\t\t\t\t<\/div>\n\t\t\t\t<div class=\"elementor-post__meta-data\">\n\t\t\t\t\t<span class=\"elementor-post-date\">\n\t\t\t13 octubre, 2021\t\t<\/span>\n\t\t\t\t<span class=\"elementor-post-avatar\">\n\t\t\tNo hay comentarios\t\t<\/span>\n\t\t\t\t<\/div>\n\t\t\t\t\t<\/div>\n\t\t<\/article>\n\t\t\t\t<article class=\"elementor-post elementor-grid-item post-1785 post type-post status-publish format-standard has-post-thumbnail hentry category-blog category-ideas-creativas category-manualidades-infantiles category-navidad generate-columns tablet-grid-50 mobile-grid-100 grid-parent grid-50\">\n\t\t\t<div class=\"elementor-post__card\">\n\t\t\t\t<a class=\"elementor-post__thumbnail__link\" href=\"https:\/\/creyman.com\/blog\/un-tren-de-madera-calendario-de-adviento\/\" >\n\t\t\t<div class=\"elementor-post__thumbnail\"><img width=\"670\" height=\"670\" src=\"https:\/\/creyman.com\/blog\/wp-content\/uploads\/2021\/10\/v16078.jpg\" class=\"attachment-full size-full\" alt=\"\" loading=\"lazy\" srcset=\"https:\/\/creyman.com\/blog\/wp-content\/uploads\/2021\/10\/v16078.jpg 670w, https:\/\/creyman.com\/blog\/wp-content\/uploads\/2021\/10\/v16078-300x300.jpg 300w, https:\/\/creyman.com\/blog\/wp-content\/uploads\/2021\/10\/v16078-150x150.jpg 150w\" sizes=\"(max-width: 670px) 100vw, 670px\" \/><\/div>\n\t\t<\/a>\n\t\t\t\t<div class=\"elementor-post__badge\">Blog<\/div>\n\t\t\t\t<div class=\"elementor-post__text\">\n\t\t\t\t<h3 class=\"elementor-post__title\">\n\t\t\t<a href=\"https:\/\/creyman.com\/blog\/un-tren-de-madera-calendario-de-adviento\/\" >\n\t\t\t\t<strong>Un tren de madera calendario de Adviento<\/strong>\t\t\t<\/a>\n\t\t<\/h3>\n\t\t\t\t<div class=\"elementor-post__excerpt\">\n\t\t\t<p>SKU#:&nbsp;v16078 Como hacerlo: 1. Pinte el tren, los carros y las peque\u00f1as piezas de madera con pintura artesanal. 2. Dibuje el interior de las ruedas, agregue detalles al tren y<\/p>\n\t\t<\/div>\n\t\t\t\t\t<a class=\"elementor-post__read-more\" href=\"https:\/\/creyman.com\/blog\/un-tren-de-madera-calendario-de-adviento\/\" >\n\t\t\t\tLeer M\u00e1s \u00bb\t\t\t<\/a>\n\t\t\t\t<\/div>\n\t\t\t\t<div class=\"elementor-post__meta-data\">\n\t\t\t\t\t<span class=\"elementor-post-date\">\n\t\t\t13 octubre, 2021\t\t<\/span>\n\t\t\t\t<span class=\"elementor-post-avatar\">\n\t\t\tNo hay comentarios\t\t<\/span>\n\t\t\t\t<\/div>\n\t\t\t\t\t<\/div>\n\t\t<\/article>\n\t\t\t\t<\/div>\n\t\t\t\t<nav class=\"elementor-pagination\" role=\"navigation\" aria-label=\"Paginaci\u00f3n\">\n\t\t\t<span class=\"page-numbers prev\">&laquo; Anterior<\/span>\n<span aria-current=\"page\" class=\"page-numbers current\"><span class=\"elementor-screen-only\">P\u00e1gina<\/span>1<\/span>\n<a class=\"page-numbers\" href=\"https:\/\/creyman.com\/blog\/wp-json\/wp\/v2\/pages\/792\/page\/2\/\"><span class=\"elementor-screen-only\">P\u00e1gina<\/span>2<\/a>\n<a class=\"page-numbers\" href=\"https:\/\/creyman.com\/blog\/wp-json\/wp\/v2\/pages\/792\/page\/3\/\"><span class=\"elementor-screen-only\">P\u00e1gina<\/span>3<\/a>\n<a class=\"page-numbers\" href=\"https:\/\/creyman.com\/blog\/wp-json\/wp\/v2\/pages\/792\/page\/4\/\"><span class=\"elementor-screen-only\">P\u00e1gina<\/span>4<\/a>\n<a class=\"page-numbers\" href=\"https:\/\/creyman.com\/blog\/wp-json\/wp\/v2\/pages\/792\/page\/5\/\"><span class=\"elementor-screen-only\">P\u00e1gina<\/span>5<\/a>\n<a class=\"page-numbers\" href=\"https:\/\/creyman.com\/blog\/wp-json\/wp\/v2\/pages\/792\/page\/6\/\"><span class=\"elementor-screen-only\">P\u00e1gina<\/span>6<\/a>\n<a class=\"page-numbers\" href=\"https:\/\/creyman.com\/blog\/wp-json\/wp\/v2\/pages\/792\/page\/7\/\"><span class=\"elementor-screen-only\">P\u00e1gina<\/span>7<\/a>\n<a class=\"page-numbers\" href=\"https:\/\/creyman.com\/blog\/wp-json\/wp\/v2\/pages\/792\/page\/8\/\"><span class=\"elementor-screen-only\">P\u00e1gina<\/span>8<\/a>\n<a class=\"page-numbers\" href=\"https:\/\/creyman.com\/blog\/wp-json\/wp\/v2\/pages\/792\/page\/9\/\"><span class=\"elementor-screen-only\">P\u00e1gina<\/span>9<\/a>\n<a class=\"page-numbers\" href=\"https:\/\/creyman.com\/blog\/wp-json\/wp\/v2\/pages\/792\/page\/10\/\"><span class=\"elementor-screen-only\">P\u00e1gina<\/span>10<\/a>\n<a class=\"page-numbers\" href=\"https:\/\/creyman.com\/blog\/wp-json\/wp\/v2\/pages\/792\/page\/11\/\"><span class=\"elementor-screen-only\">P\u00e1gina<\/span>11<\/a>\n<a class=\"page-numbers\" href=\"https:\/\/creyman.com\/blog\/wp-json\/wp\/v2\/pages\/792\/page\/12\/\"><span class=\"elementor-screen-only\">P\u00e1gina<\/span>12<\/a>\n<a class=\"page-numbers\" href=\"https:\/\/creyman.com\/blog\/wp-json\/wp\/v2\/pages\/792\/page\/13\/\"><span class=\"elementor-screen-only\">P\u00e1gina<\/span>13<\/a>\n<a class=\"page-numbers\" href=\"https:\/\/creyman.com\/blog\/wp-json\/wp\/v2\/pages\/792\/page\/14\/\"><span class=\"elementor-screen-only\">P\u00e1gina<\/span>14<\/a>\n<a class=\"page-numbers\" href=\"https:\/\/creyman.com\/blog\/wp-json\/wp\/v2\/pages\/792\/page\/15\/\"><span class=\"elementor-screen-only\">P\u00e1gina<\/span>15<\/a>\n<a class=\"page-numbers\" href=\"https:\/\/creyman.com\/blog\/wp-json\/wp\/v2\/pages\/792\/page\/16\/\"><span class=\"elementor-screen-only\">P\u00e1gina<\/span>16<\/a>\n<a class=\"page-numbers\" href=\"https:\/\/creyman.com\/blog\/wp-json\/wp\/v2\/pages\/792\/page\/17\/\"><span class=\"elementor-screen-only\">P\u00e1gina<\/span>17<\/a>\n<a class=\"page-numbers\" href=\"https:\/\/creyman.com\/blog\/wp-json\/wp\/v2\/pages\/792\/page\/18\/\"><span class=\"elementor-screen-only\">P\u00e1gina<\/span>18<\/a>\n<a class=\"page-numbers\" href=\"https:\/\/creyman.com\/blog\/wp-json\/wp\/v2\/pages\/792\/page\/19\/\"><span class=\"elementor-screen-only\">P\u00e1gina<\/span>19<\/a>\n<a class=\"page-numbers\" href=\"https:\/\/creyman.com\/blog\/wp-json\/wp\/v2\/pages\/792\/page\/20\/\"><span class=\"elementor-screen-only\">P\u00e1gina<\/span>20<\/a>\n<a class=\"page-numbers\" href=\"https:\/\/creyman.com\/blog\/wp-json\/wp\/v2\/pages\/792\/page\/21\/\"><span class=\"elementor-screen-only\">P\u00e1gina<\/span>21<\/a>\n<a class=\"page-numbers next\" href=\"https:\/\/creyman.com\/blog\/wp-json\/wp\/v2\/pages\/792\/page\/2\/\">Siguiente &raquo;<\/a>\t\t<\/nav>\n\t\t\t\t<\/div>\n\t\t\t\t<\/div>\n\t\t\t\t\t\t<\/div>\n\t\t\t\t\t<\/div>\n\t\t<\/div>\n\t\t\t\t\t\t\t\t<\/div>\n\t\t\t\t\t<\/div>\n\t\t<\/section>\n\t\t\t\t\t\t<\/div>\n\t\t\t\t\t\t<\/div>\n\t\t\t\t\t<\/div>\n\t\t","protected":false},"excerpt":{"rendered":"<p>Creyman, creaciones y manualidades En este espacio encontrar\u00e1s todo tipo de material y manualidades para los m\u00e1s peque\u00f1os.<\/p>\n","protected":false},"author":1,"featured_media":0,"parent":0,"menu_order":0,"comment_status":"closed","ping_status":"closed","template":"elementor_header_footer","meta":[],"_links":{"self":[{"href":"https:\/\/creyman.com\/blog\/wp-json\/wp\/v2\/pages\/792"}],"collection":[{"href":"https:\/\/creyman.com\/blog\/wp-json\/wp\/v2\/pages"}],"about":[{"href":"https:\/\/creyman.com\/blog\/wp-json\/wp\/v2\/types\/page"}],"author":[{"embeddable":true,"href":"https:\/\/creyman.com\/blog\/wp-json\/wp\/v2\/users\/1"}],"replies":[{"embeddable":true,"href":"https:\/\/creyman.com\/blog\/wp-json\/wp\/v2\/comments?post=792"}],"version-history":[{"count":37,"href":"https:\/\/creyman.com\/blog\/wp-json\/wp\/v2\/pages\/792\/revisions"}],"predecessor-version":[{"id":1096,"href":"https:\/\/creyman.com\/blog\/wp-json\/wp\/v2\/pages\/792\/revisions\/1096"}],"wp:attachment":[{"href":"https:\/\/creyman.com\/blog\/wp-json\/wp\/v2\/media?parent=792"}],"curies":[{"name":"wp","href":"https:\/\/api.w.org\/{rel}","templated":true}]}}